{"id":82,"date":"2026-01-22T08:31:58","date_gmt":"2026-01-22T08:31:58","guid":{"rendered":"https:\/\/hugo.yamedia.fi\/jobb\/?page_id=82"},"modified":"2026-01-26T11:32:44","modified_gmt":"2026-01-26T11:32:44","slug":"photoshop","status":"publish","type":"page","link":"https:\/\/hugo.yamedia.fi\/jobb\/photoshop\/","title":{"rendered":"PHOTOSHOP"},"content":{"rendered":"\n<figure class=\"wp-block-gallery has-nested-images columns-default is-cropped wp-block-gallery-1 is-layout-flex wp-block-gallery-is-layout-flex\">\n<figure class=\"wp-block-image size-large is-resized\"><img loading=\"lazy\" decoding=\"async\" width=\"819\" height=\"1024\" data-id=\"139\" src=\"https:\/\/hugo.yamedia.fi\/jobb\/wp-content\/uploads\/2026\/01\/MobilBild4-819x1024.png\" alt=\"\" class=\"wp-image-139\" style=\"width:270px;height:auto\" srcset=\"https:\/\/hugo.yamedia.fi\/jobb\/wp-content\/uploads\/2026\/01\/MobilBild4-819x1024.png 819w, https:\/\/hugo.yamedia.fi\/jobb\/wp-content\/uploads\/2026\/01\/MobilBild4-240x300.png 240w, https:\/\/hugo.yamedia.fi\/jobb\/wp-content\/uploads\/2026\/01\/MobilBild4-768x960.png 768w, https:\/\/hugo.yamedia.fi\/jobb\/wp-content\/uploads\/2026\/01\/MobilBild4.png 1080w\" sizes=\"auto, (max-width: 819px) 100vw, 819px\" \/><\/figure>\n\n\n\n<figure class=\"wp-block-image size-large is-resized\"><img loading=\"lazy\" decoding=\"async\" width=\"1024\" height=\"683\" data-id=\"127\" src=\"https:\/\/hugo.yamedia.fi\/jobb\/wp-content\/uploads\/2026\/01\/Camera5-1024x683.jpg\" alt=\"\" class=\"wp-image-127\" style=\"width:315px;height:auto\" srcset=\"https:\/\/hugo.yamedia.fi\/jobb\/wp-content\/uploads\/2026\/01\/Camera5-1024x683.jpg 1024w, https:\/\/hugo.yamedia.fi\/jobb\/wp-content\/uploads\/2026\/01\/Camera5-300x200.jpg 300w, https:\/\/hugo.yamedia.fi\/jobb\/wp-content\/uploads\/2026\/01\/Camera5-768x512.jpg 768w, https:\/\/hugo.yamedia.fi\/jobb\/wp-content\/uploads\/2026\/01\/Camera5-1536x1024.jpg 1536w, https:\/\/hugo.yamedia.fi\/jobb\/wp-content\/uploads\/2026\/01\/Camera5-2048x1365.jpg 2048w\" sizes=\"auto, (max-width: 1024px) 100vw, 1024px\" \/><\/figure>\n<\/figure>\n\n\n\n<figure class=\"wp-block-gallery has-nested-images columns-default is-cropped wp-block-gallery-2 is-layout-flex wp-block-gallery-is-layout-flex\">\n<figure class=\"wp-block-image size-large\"><img loading=\"lazy\" decoding=\"async\" width=\"1024\" height=\"710\" data-id=\"138\" src=\"https:\/\/hugo.yamedia.fi\/jobb\/wp-content\/uploads\/2026\/01\/Camera3-1024x710.jpg\" alt=\"\" class=\"wp-image-138\" srcset=\"https:\/\/hugo.yamedia.fi\/jobb\/wp-content\/uploads\/2026\/01\/Camera3-1024x710.jpg 1024w, https:\/\/hugo.yamedia.fi\/jobb\/wp-content\/uploads\/2026\/01\/Camera3-300x208.jpg 300w, https:\/\/hugo.yamedia.fi\/jobb\/wp-content\/uploads\/2026\/01\/Camera3-768x532.jpg 768w, https:\/\/hugo.yamedia.fi\/jobb\/wp-content\/uploads\/2026\/01\/Camera3-1536x1065.jpg 1536w, https:\/\/hugo.yamedia.fi\/jobb\/wp-content\/uploads\/2026\/01\/Camera3-2048x1420.jpg 2048w\" sizes=\"auto, (max-width: 1024px) 100vw, 1024px\" \/><\/figure>\n<\/figure>\n\n\n\n<figure class=\"wp-block-gallery has-nested-images columns-default is-cropped wp-block-gallery-3 is-layout-flex wp-block-gallery-is-layout-flex\"><\/figure>\n","protected":false},"excerpt":{"rendered":"","protected":false},"author":1,"featured_media":0,"parent":0,"menu_order":0,"comment_status":"closed","ping_status":"closed","template":"","meta":{"footnotes":""},"class_list":["post-82","page","type-page","status-publish","hentry"],"yoast_head":"<!-- This site is optimized with the Yoast SEO plugin v26.8 - https:\/\/yoast.com\/product\/yoast-seo-wordpress\/ -->\n<title>PHOTOSHOP - HUGO PORTFOLIO<\/title>\n<meta name=\"robots\" content=\"index, follow, max-snippet:-1, max-image-preview:large, max-video-preview:-1\" \/>\n<link rel=\"canonical\" href=\"https:\/\/hugo.yamedia.fi\/jobb\/photoshop\/\" \/>\n<meta property=\"og:locale\" content=\"en_US\" \/>\n<meta property=\"og:type\" content=\"article\" \/>\n<meta property=\"og:title\" content=\"PHOTOSHOP - HUGO PORTFOLIO\" \/>\n<meta property=\"og:url\" content=\"https:\/\/hugo.yamedia.fi\/jobb\/photoshop\/\" \/>\n<meta property=\"og:site_name\" content=\"HUGO PORTFOLIO\" \/>\n<meta property=\"article:publisher\" content=\"https:\/\/www.facebook.com\/hugo.strom.96\/\" \/>\n<meta property=\"article:modified_time\" content=\"2026-01-26T11:32:44+00:00\" \/>\n<meta property=\"og:image\" content=\"https:\/\/hugo.yamedia.fi\/jobb\/wp-content\/uploads\/2026\/01\/MobilBild4-819x1024.png\" \/>\n<meta name=\"twitter:card\" content=\"summary_large_image\" \/>\n<script type=\"application\/ld+json\" class=\"yoast-schema-graph\">{\"@context\":\"https:\/\/schema.org\",\"@graph\":[{\"@type\":\"WebPage\",\"@id\":\"https:\/\/hugo.yamedia.fi\/jobb\/photoshop\/\",\"url\":\"https:\/\/hugo.yamedia.fi\/jobb\/photoshop\/\",\"name\":\"PHOTOSHOP - HUGO PORTFOLIO\",\"isPartOf\":{\"@id\":\"https:\/\/hugo.yamedia.fi\/jobb\/#website\"},\"primaryImageOfPage\":{\"@id\":\"https:\/\/hugo.yamedia.fi\/jobb\/photoshop\/#primaryimage\"},\"image\":{\"@id\":\"https:\/\/hugo.yamedia.fi\/jobb\/photoshop\/#primaryimage\"},\"thumbnailUrl\":\"https:\/\/hugo.yamedia.fi\/jobb\/wp-content\/uploads\/2026\/01\/MobilBild4-819x1024.png\",\"datePublished\":\"2026-01-22T08:31:58+00:00\",\"dateModified\":\"2026-01-26T11:32:44+00:00\",\"breadcrumb\":{\"@id\":\"https:\/\/hugo.yamedia.fi\/jobb\/photoshop\/#breadcrumb\"},\"inLanguage\":\"en-US\",\"potentialAction\":[{\"@type\":\"ReadAction\",\"target\":[\"https:\/\/hugo.yamedia.fi\/jobb\/photoshop\/\"]}]},{\"@type\":\"ImageObject\",\"inLanguage\":\"en-US\",\"@id\":\"https:\/\/hugo.yamedia.fi\/jobb\/photoshop\/#primaryimage\",\"url\":\"https:\/\/hugo.yamedia.fi\/jobb\/wp-content\/uploads\/2026\/01\/MobilBild4.png\",\"contentUrl\":\"https:\/\/hugo.yamedia.fi\/jobb\/wp-content\/uploads\/2026\/01\/MobilBild4.png\",\"width\":1080,\"height\":1350},{\"@type\":\"BreadcrumbList\",\"@id\":\"https:\/\/hugo.yamedia.fi\/jobb\/photoshop\/#breadcrumb\",\"itemListElement\":[{\"@type\":\"ListItem\",\"position\":1,\"name\":\"Home\",\"item\":\"https:\/\/hugo.yamedia.fi\/jobb\/\"},{\"@type\":\"ListItem\",\"position\":2,\"name\":\"PHOTOSHOP\"}]},{\"@type\":\"WebSite\",\"@id\":\"https:\/\/hugo.yamedia.fi\/jobb\/#website\",\"url\":\"https:\/\/hugo.yamedia.fi\/jobb\/\",\"name\":\"HUGO PORTFOLIO\",\"description\":\"\",\"publisher\":{\"@id\":\"https:\/\/hugo.yamedia.fi\/jobb\/#\/schema\/person\/7f53bd9ad65e20dbbe969cae8afb3a5e\"},\"potentialAction\":[{\"@type\":\"SearchAction\",\"target\":{\"@type\":\"EntryPoint\",\"urlTemplate\":\"https:\/\/hugo.yamedia.fi\/jobb\/?s={search_term_string}\"},\"query-input\":{\"@type\":\"PropertyValueSpecification\",\"valueRequired\":true,\"valueName\":\"search_term_string\"}}],\"inLanguage\":\"en-US\"},{\"@type\":[\"Person\",\"Organization\"],\"@id\":\"https:\/\/hugo.yamedia.fi\/jobb\/#\/schema\/person\/7f53bd9ad65e20dbbe969cae8afb3a5e\",\"name\":\"Hugo\",\"pronouns\":\"He\/him\",\"image\":{\"@type\":\"ImageObject\",\"inLanguage\":\"en-US\",\"@id\":\"https:\/\/hugo.yamedia.fi\/jobb\/#\/schema\/person\/image\/\",\"url\":\"https:\/\/hugo.yamedia.fi\/jobb\/wp-content\/uploads\/2026\/01\/vwiedfnw-1.gif\",\"contentUrl\":\"https:\/\/hugo.yamedia.fi\/jobb\/wp-content\/uploads\/2026\/01\/vwiedfnw-1.gif\",\"width\":384,\"height\":384,\"caption\":\"Hugo\"},\"logo\":{\"@id\":\"https:\/\/hugo.yamedia.fi\/jobb\/#\/schema\/person\/image\/\"},\"description\":\"Hej, jag \u00e4r Hugo och jag \u00e4r 18 \u00e5r. Jag bor i Finland och jag studerar till ut\u00f6vare av medietj\u00e4nster. P\u00e5 min fritid s\u00e5 jobbar jag p\u00e5 S market och s\u00e5 spelar jag dataspel och \u00e4r med min familj. Ha en bra dag &lt;3\",\"sameAs\":[\"https:\/\/hugo.yamedia.fi\/jobb\",\"https:\/\/www.facebook.com\/hugo.strom.96\/\",\"https:\/\/www.youtube.com\/@bestyt141\"]}]}<\/script>\n<!-- \/ Yoast SEO plugin. -->","yoast_head_json":{"title":"PHOTOSHOP - HUGO PORTFOLIO","robots":{"index":"index","follow":"follow","max-snippet":"max-snippet:-1","max-image-preview":"max-image-preview:large","max-video-preview":"max-video-preview:-1"},"canonical":"https:\/\/hugo.yamedia.fi\/jobb\/photoshop\/","og_locale":"en_US","og_type":"article","og_title":"PHOTOSHOP - HUGO PORTFOLIO","og_url":"https:\/\/hugo.yamedia.fi\/jobb\/photoshop\/","og_site_name":"HUGO PORTFOLIO","article_publisher":"https:\/\/www.facebook.com\/hugo.strom.96\/","article_modified_time":"2026-01-26T11:32:44+00:00","og_image":[{"url":"https:\/\/hugo.yamedia.fi\/jobb\/wp-content\/uploads\/2026\/01\/MobilBild4-819x1024.png","type":"","width":"","height":""}],"twitter_card":"summary_large_image","schema":{"@context":"https:\/\/schema.org","@graph":[{"@type":"WebPage","@id":"https:\/\/hugo.yamedia.fi\/jobb\/photoshop\/","url":"https:\/\/hugo.yamedia.fi\/jobb\/photoshop\/","name":"PHOTOSHOP - HUGO PORTFOLIO","isPartOf":{"@id":"https:\/\/hugo.yamedia.fi\/jobb\/#website"},"primaryImageOfPage":{"@id":"https:\/\/hugo.yamedia.fi\/jobb\/photoshop\/#primaryimage"},"image":{"@id":"https:\/\/hugo.yamedia.fi\/jobb\/photoshop\/#primaryimage"},"thumbnailUrl":"https:\/\/hugo.yamedia.fi\/jobb\/wp-content\/uploads\/2026\/01\/MobilBild4-819x1024.png","datePublished":"2026-01-22T08:31:58+00:00","dateModified":"2026-01-26T11:32:44+00:00","breadcrumb":{"@id":"https:\/\/hugo.yamedia.fi\/jobb\/photoshop\/#breadcrumb"},"inLanguage":"en-US","potentialAction":[{"@type":"ReadAction","target":["https:\/\/hugo.yamedia.fi\/jobb\/photoshop\/"]}]},{"@type":"ImageObject","inLanguage":"en-US","@id":"https:\/\/hugo.yamedia.fi\/jobb\/photoshop\/#primaryimage","url":"https:\/\/hugo.yamedia.fi\/jobb\/wp-content\/uploads\/2026\/01\/MobilBild4.png","contentUrl":"https:\/\/hugo.yamedia.fi\/jobb\/wp-content\/uploads\/2026\/01\/MobilBild4.png","width":1080,"height":1350},{"@type":"BreadcrumbList","@id":"https:\/\/hugo.yamedia.fi\/jobb\/photoshop\/#breadcrumb","itemListElement":[{"@type":"ListItem","position":1,"name":"Home","item":"https:\/\/hugo.yamedia.fi\/jobb\/"},{"@type":"ListItem","position":2,"name":"PHOTOSHOP"}]},{"@type":"WebSite","@id":"https:\/\/hugo.yamedia.fi\/jobb\/#website","url":"https:\/\/hugo.yamedia.fi\/jobb\/","name":"HUGO PORTFOLIO","description":"","publisher":{"@id":"https:\/\/hugo.yamedia.fi\/jobb\/#\/schema\/person\/7f53bd9ad65e20dbbe969cae8afb3a5e"},"potentialAction":[{"@type":"SearchAction","target":{"@type":"EntryPoint","urlTemplate":"https:\/\/hugo.yamedia.fi\/jobb\/?s={search_term_string}"},"query-input":{"@type":"PropertyValueSpecification","valueRequired":true,"valueName":"search_term_string"}}],"inLanguage":"en-US"},{"@type":["Person","Organization"],"@id":"https:\/\/hugo.yamedia.fi\/jobb\/#\/schema\/person\/7f53bd9ad65e20dbbe969cae8afb3a5e","name":"Hugo","pronouns":"He\/him","image":{"@type":"ImageObject","inLanguage":"en-US","@id":"https:\/\/hugo.yamedia.fi\/jobb\/#\/schema\/person\/image\/","url":"https:\/\/hugo.yamedia.fi\/jobb\/wp-content\/uploads\/2026\/01\/vwiedfnw-1.gif","contentUrl":"https:\/\/hugo.yamedia.fi\/jobb\/wp-content\/uploads\/2026\/01\/vwiedfnw-1.gif","width":384,"height":384,"caption":"Hugo"},"logo":{"@id":"https:\/\/hugo.yamedia.fi\/jobb\/#\/schema\/person\/image\/"},"description":"Hej, jag \u00e4r Hugo och jag \u00e4r 18 \u00e5r. Jag bor i Finland och jag studerar till ut\u00f6vare av medietj\u00e4nster. P\u00e5 min fritid s\u00e5 jobbar jag p\u00e5 S market och s\u00e5 spelar jag dataspel och \u00e4r med min familj. Ha en bra dag &lt;3","sameAs":["https:\/\/hugo.yamedia.fi\/jobb","https:\/\/www.facebook.com\/hugo.strom.96\/","https:\/\/www.youtube.com\/@bestyt141"]}]}},"_links":{"self":[{"href":"https:\/\/hugo.yamedia.fi\/jobb\/wp-json\/wp\/v2\/pages\/82","targetHints":{"allow":["GET"]}}],"collection":[{"href":"https:\/\/hugo.yamedia.fi\/jobb\/wp-json\/wp\/v2\/pages"}],"about":[{"href":"https:\/\/hugo.yamedia.fi\/jobb\/wp-json\/wp\/v2\/types\/page"}],"author":[{"embeddable":true,"href":"https:\/\/hugo.yamedia.fi\/jobb\/wp-json\/wp\/v2\/users\/1"}],"replies":[{"embeddable":true,"href":"https:\/\/hugo.yamedia.fi\/jobb\/wp-json\/wp\/v2\/comments?post=82"}],"version-history":[{"count":3,"href":"https:\/\/hugo.yamedia.fi\/jobb\/wp-json\/wp\/v2\/pages\/82\/revisions"}],"predecessor-version":[{"id":140,"href":"https:\/\/hugo.yamedia.fi\/jobb\/wp-json\/wp\/v2\/pages\/82\/revisions\/140"}],"wp:attachment":[{"href":"https:\/\/hugo.yamedia.fi\/jobb\/wp-json\/wp\/v2\/media?parent=82"}],"curies":[{"name":"wp","href":"https:\/\/api.w.org\/{rel}","templated":true}]}}