{"id":80,"date":"2026-01-22T08:31:43","date_gmt":"2026-01-22T08:31:43","guid":{"rendered":"https:\/\/hugo.yamedia.fi\/jobb\/?page_id=80"},"modified":"2026-01-28T08:46:17","modified_gmt":"2026-01-28T08:46:17","slug":"indesign","status":"publish","type":"page","link":"https:\/\/hugo.yamedia.fi\/jobb\/indesign\/","title":{"rendered":"INDESIGN"},"content":{"rendered":"\n<figure class=\"wp-block-gallery has-nested-images columns-default is-cropped wp-block-gallery-1 is-layout-flex wp-block-gallery-is-layout-flex\">\n<figure class=\"wp-block-image size-full is-resized is-style-default\"><img loading=\"lazy\" decoding=\"async\" width=\"517\" height=\"344\" data-id=\"109\" src=\"https:\/\/hugo.yamedia.fi\/jobb\/wp-content\/uploads\/2026\/01\/Skarmbild-2026-01-23-131148.png\" alt=\"\" class=\"wp-image-109\" style=\"aspect-ratio:1.5029700234839065;width:645px;height:auto\" srcset=\"https:\/\/hugo.yamedia.fi\/jobb\/wp-content\/uploads\/2026\/01\/Skarmbild-2026-01-23-131148.png 517w, https:\/\/hugo.yamedia.fi\/jobb\/wp-content\/uploads\/2026\/01\/Skarmbild-2026-01-23-131148-300x200.png 300w\" sizes=\"auto, (max-width: 517px) 100vw, 517px\" \/><\/figure>\n\n\n\n<figure class=\"wp-block-image size-large\"><img loading=\"lazy\" decoding=\"async\" width=\"1024\" height=\"808\" data-id=\"113\" src=\"https:\/\/hugo.yamedia.fi\/jobb\/wp-content\/uploads\/2026\/01\/Untitled-design-1-scaled-e1769412999115-1024x808.png\" alt=\"\" class=\"wp-image-113\" srcset=\"https:\/\/hugo.yamedia.fi\/jobb\/wp-content\/uploads\/2026\/01\/Untitled-design-1-scaled-e1769412999115-1024x808.png 1024w, https:\/\/hugo.yamedia.fi\/jobb\/wp-content\/uploads\/2026\/01\/Untitled-design-1-scaled-e1769412999115-300x237.png 300w, https:\/\/hugo.yamedia.fi\/jobb\/wp-content\/uploads\/2026\/01\/Untitled-design-1-scaled-e1769412999115-768x606.png 768w, https:\/\/hugo.yamedia.fi\/jobb\/wp-content\/uploads\/2026\/01\/Untitled-design-1-scaled-e1769412999115.png 1135w\" sizes=\"auto, (max-width: 1024px) 100vw, 1024px\" \/><\/figure>\n<\/figure>\n\n\n\n<figure class=\"wp-block-gallery has-nested-images columns-default is-cropped wp-block-gallery-2 is-layout-flex wp-block-gallery-is-layout-flex\">\n<figure class=\"wp-block-image size-large\"><img loading=\"lazy\" decoding=\"async\" width=\"724\" height=\"1024\" data-id=\"129\" src=\"https:\/\/hugo.yamedia.fi\/jobb\/wp-content\/uploads\/2026\/01\/Untitled-design-2-724x1024.png\" alt=\"\" class=\"wp-image-129\" srcset=\"https:\/\/hugo.yamedia.fi\/jobb\/wp-content\/uploads\/2026\/01\/Untitled-design-2-724x1024.png 724w, https:\/\/hugo.yamedia.fi\/jobb\/wp-content\/uploads\/2026\/01\/Untitled-design-2-212x300.png 212w, https:\/\/hugo.yamedia.fi\/jobb\/wp-content\/uploads\/2026\/01\/Untitled-design-2-768x1086.png 768w, https:\/\/hugo.yamedia.fi\/jobb\/wp-content\/uploads\/2026\/01\/Untitled-design-2-1086x1536.png 1086w, https:\/\/hugo.yamedia.fi\/jobb\/wp-content\/uploads\/2026\/01\/Untitled-design-2.png 1414w\" sizes=\"auto, (max-width: 724px) 100vw, 724px\" \/><\/figure>\n\n\n\n<figure class=\"wp-block-image size-large\"><img loading=\"lazy\" decoding=\"async\" width=\"721\" height=\"1024\" data-id=\"132\" src=\"https:\/\/hugo.yamedia.fi\/jobb\/wp-content\/uploads\/2026\/01\/Skarmbild-2026-01-26-132139-721x1024.png\" alt=\"\" class=\"wp-image-132\" srcset=\"https:\/\/hugo.yamedia.fi\/jobb\/wp-content\/uploads\/2026\/01\/Skarmbild-2026-01-26-132139-721x1024.png 721w, https:\/\/hugo.yamedia.fi\/jobb\/wp-content\/uploads\/2026\/01\/Skarmbild-2026-01-26-132139-211x300.png 211w, https:\/\/hugo.yamedia.fi\/jobb\/wp-content\/uploads\/2026\/01\/Skarmbild-2026-01-26-132139-768x1090.png 768w, https:\/\/hugo.yamedia.fi\/jobb\/wp-content\/uploads\/2026\/01\/Skarmbild-2026-01-26-132139.png 863w\" sizes=\"auto, (max-width: 721px) 100vw, 721px\" \/><\/figure>\n<\/figure>\n\n\n\n<div class=\"wp-block-group is-nowrap is-layout-flex wp-container-core-group-is-layout-6c531013 wp-block-group-is-layout-flex\">\n<figure class=\"wp-block-gallery aligncenter has-nested-images columns-default is-cropped wp-block-gallery-3 is-layout-flex wp-block-gallery-is-layout-flex\">\n<figure class=\"wp-block-image size-large\"><img loading=\"lazy\" decoding=\"async\" width=\"725\" height=\"1024\" data-id=\"133\" src=\"https:\/\/hugo.yamedia.fi\/jobb\/wp-content\/uploads\/2026\/01\/Skarmbild-2026-01-26-132407-725x1024.png\" alt=\"\" class=\"wp-image-133\" srcset=\"https:\/\/hugo.yamedia.fi\/jobb\/wp-content\/uploads\/2026\/01\/Skarmbild-2026-01-26-132407-725x1024.png 725w, https:\/\/hugo.yamedia.fi\/jobb\/wp-content\/uploads\/2026\/01\/Skarmbild-2026-01-26-132407-212x300.png 212w, https:\/\/hugo.yamedia.fi\/jobb\/wp-content\/uploads\/2026\/01\/Skarmbild-2026-01-26-132407-768x1085.png 768w, https:\/\/hugo.yamedia.fi\/jobb\/wp-content\/uploads\/2026\/01\/Skarmbild-2026-01-26-132407.png 862w\" sizes=\"auto, (max-width: 725px) 100vw, 725px\" \/><\/figure>\n\n\n\n<figure class=\"wp-block-image size-large\"><img loading=\"lazy\" decoding=\"async\" width=\"714\" height=\"1024\" data-id=\"134\" src=\"https:\/\/hugo.yamedia.fi\/jobb\/wp-content\/uploads\/2026\/01\/Skarmbild-2026-01-26-132421-714x1024.png\" alt=\"\" class=\"wp-image-134\" srcset=\"https:\/\/hugo.yamedia.fi\/jobb\/wp-content\/uploads\/2026\/01\/Skarmbild-2026-01-26-132421-714x1024.png 714w, https:\/\/hugo.yamedia.fi\/jobb\/wp-content\/uploads\/2026\/01\/Skarmbild-2026-01-26-132421-209x300.png 209w, https:\/\/hugo.yamedia.fi\/jobb\/wp-content\/uploads\/2026\/01\/Skarmbild-2026-01-26-132421-768x1101.png 768w, https:\/\/hugo.yamedia.fi\/jobb\/wp-content\/uploads\/2026\/01\/Skarmbild-2026-01-26-132421.png 860w\" sizes=\"auto, (max-width: 714px) 100vw, 714px\" \/><\/figure>\n<\/figure>\n<\/div>\n","protected":false},"excerpt":{"rendered":"","protected":false},"author":1,"featured_media":0,"parent":0,"menu_order":0,"comment_status":"closed","ping_status":"closed","template":"","meta":{"footnotes":""},"class_list":["post-80","page","type-page","status-publish","hentry"],"yoast_head":"<!-- This site is optimized with the Yoast SEO plugin v26.8 - https:\/\/yoast.com\/product\/yoast-seo-wordpress\/ -->\n<title>INDESIGN - HUGO PORTFOLIO<\/title>\n<meta name=\"robots\" content=\"index, follow, max-snippet:-1, max-image-preview:large, max-video-preview:-1\" \/>\n<link rel=\"canonical\" href=\"https:\/\/hugo.yamedia.fi\/jobb\/indesign\/\" \/>\n<meta property=\"og:locale\" content=\"en_US\" \/>\n<meta property=\"og:type\" content=\"article\" \/>\n<meta property=\"og:title\" content=\"INDESIGN - HUGO PORTFOLIO\" \/>\n<meta property=\"og:url\" content=\"https:\/\/hugo.yamedia.fi\/jobb\/indesign\/\" \/>\n<meta property=\"og:site_name\" content=\"HUGO PORTFOLIO\" \/>\n<meta property=\"article:publisher\" content=\"https:\/\/www.facebook.com\/hugo.strom.96\/\" \/>\n<meta property=\"article:modified_time\" content=\"2026-01-28T08:46:17+00:00\" \/>\n<meta property=\"og:image\" content=\"https:\/\/hugo.yamedia.fi\/jobb\/wp-content\/uploads\/2026\/01\/Skarmbild-2026-01-23-131148.png\" \/>\n\t<meta property=\"og:image:width\" content=\"517\" \/>\n\t<meta property=\"og:image:height\" content=\"344\" \/>\n\t<meta property=\"og:image:type\" content=\"image\/png\" \/>\n<meta name=\"twitter:card\" content=\"summary_large_image\" \/>\n<script type=\"application\/ld+json\" class=\"yoast-schema-graph\">{\"@context\":\"https:\/\/schema.org\",\"@graph\":[{\"@type\":\"WebPage\",\"@id\":\"https:\/\/hugo.yamedia.fi\/jobb\/indesign\/\",\"url\":\"https:\/\/hugo.yamedia.fi\/jobb\/indesign\/\",\"name\":\"INDESIGN - HUGO PORTFOLIO\",\"isPartOf\":{\"@id\":\"https:\/\/hugo.yamedia.fi\/jobb\/#website\"},\"primaryImageOfPage\":{\"@id\":\"https:\/\/hugo.yamedia.fi\/jobb\/indesign\/#primaryimage\"},\"image\":{\"@id\":\"https:\/\/hugo.yamedia.fi\/jobb\/indesign\/#primaryimage\"},\"thumbnailUrl\":\"https:\/\/hugo.yamedia.fi\/jobb\/wp-content\/uploads\/2026\/01\/Skarmbild-2026-01-23-131148.png\",\"datePublished\":\"2026-01-22T08:31:43+00:00\",\"dateModified\":\"2026-01-28T08:46:17+00:00\",\"breadcrumb\":{\"@id\":\"https:\/\/hugo.yamedia.fi\/jobb\/indesign\/#breadcrumb\"},\"inLanguage\":\"en-US\",\"potentialAction\":[{\"@type\":\"ReadAction\",\"target\":[\"https:\/\/hugo.yamedia.fi\/jobb\/indesign\/\"]}]},{\"@type\":\"ImageObject\",\"inLanguage\":\"en-US\",\"@id\":\"https:\/\/hugo.yamedia.fi\/jobb\/indesign\/#primaryimage\",\"url\":\"https:\/\/hugo.yamedia.fi\/jobb\/wp-content\/uploads\/2026\/01\/Skarmbild-2026-01-23-131148.png\",\"contentUrl\":\"https:\/\/hugo.yamedia.fi\/jobb\/wp-content\/uploads\/2026\/01\/Skarmbild-2026-01-23-131148.png\",\"width\":517,\"height\":344},{\"@type\":\"BreadcrumbList\",\"@id\":\"https:\/\/hugo.yamedia.fi\/jobb\/indesign\/#breadcrumb\",\"itemListElement\":[{\"@type\":\"ListItem\",\"position\":1,\"name\":\"Home\",\"item\":\"https:\/\/hugo.yamedia.fi\/jobb\/\"},{\"@type\":\"ListItem\",\"position\":2,\"name\":\"INDESIGN\"}]},{\"@type\":\"WebSite\",\"@id\":\"https:\/\/hugo.yamedia.fi\/jobb\/#website\",\"url\":\"https:\/\/hugo.yamedia.fi\/jobb\/\",\"name\":\"HUGO PORTFOLIO\",\"description\":\"\",\"publisher\":{\"@id\":\"https:\/\/hugo.yamedia.fi\/jobb\/#\/schema\/person\/7f53bd9ad65e20dbbe969cae8afb3a5e\"},\"potentialAction\":[{\"@type\":\"SearchAction\",\"target\":{\"@type\":\"EntryPoint\",\"urlTemplate\":\"https:\/\/hugo.yamedia.fi\/jobb\/?s={search_term_string}\"},\"query-input\":{\"@type\":\"PropertyValueSpecification\",\"valueRequired\":true,\"valueName\":\"search_term_string\"}}],\"inLanguage\":\"en-US\"},{\"@type\":[\"Person\",\"Organization\"],\"@id\":\"https:\/\/hugo.yamedia.fi\/jobb\/#\/schema\/person\/7f53bd9ad65e20dbbe969cae8afb3a5e\",\"name\":\"Hugo\",\"pronouns\":\"He\/him\",\"image\":{\"@type\":\"ImageObject\",\"inLanguage\":\"en-US\",\"@id\":\"https:\/\/hugo.yamedia.fi\/jobb\/#\/schema\/person\/image\/\",\"url\":\"https:\/\/hugo.yamedia.fi\/jobb\/wp-content\/uploads\/2026\/01\/vwiedfnw-1.gif\",\"contentUrl\":\"https:\/\/hugo.yamedia.fi\/jobb\/wp-content\/uploads\/2026\/01\/vwiedfnw-1.gif\",\"width\":384,\"height\":384,\"caption\":\"Hugo\"},\"logo\":{\"@id\":\"https:\/\/hugo.yamedia.fi\/jobb\/#\/schema\/person\/image\/\"},\"description\":\"Hej, jag \u00e4r Hugo och jag \u00e4r 18 \u00e5r. Jag bor i Finland och jag studerar till ut\u00f6vare av medietj\u00e4nster. P\u00e5 min fritid s\u00e5 jobbar jag p\u00e5 S market och s\u00e5 spelar jag dataspel och \u00e4r med min familj. Ha en bra dag &lt;3\",\"sameAs\":[\"https:\/\/hugo.yamedia.fi\/jobb\",\"https:\/\/www.facebook.com\/hugo.strom.96\/\",\"https:\/\/www.youtube.com\/@bestyt141\"]}]}<\/script>\n<!-- \/ Yoast SEO plugin. -->","yoast_head_json":{"title":"INDESIGN - HUGO PORTFOLIO","robots":{"index":"index","follow":"follow","max-snippet":"max-snippet:-1","max-image-preview":"max-image-preview:large","max-video-preview":"max-video-preview:-1"},"canonical":"https:\/\/hugo.yamedia.fi\/jobb\/indesign\/","og_locale":"en_US","og_type":"article","og_title":"INDESIGN - HUGO PORTFOLIO","og_url":"https:\/\/hugo.yamedia.fi\/jobb\/indesign\/","og_site_name":"HUGO PORTFOLIO","article_publisher":"https:\/\/www.facebook.com\/hugo.strom.96\/","article_modified_time":"2026-01-28T08:46:17+00:00","og_image":[{"width":517,"height":344,"url":"https:\/\/hugo.yamedia.fi\/jobb\/wp-content\/uploads\/2026\/01\/Skarmbild-2026-01-23-131148.png","type":"image\/png"}],"twitter_card":"summary_large_image","schema":{"@context":"https:\/\/schema.org","@graph":[{"@type":"WebPage","@id":"https:\/\/hugo.yamedia.fi\/jobb\/indesign\/","url":"https:\/\/hugo.yamedia.fi\/jobb\/indesign\/","name":"INDESIGN - HUGO PORTFOLIO","isPartOf":{"@id":"https:\/\/hugo.yamedia.fi\/jobb\/#website"},"primaryImageOfPage":{"@id":"https:\/\/hugo.yamedia.fi\/jobb\/indesign\/#primaryimage"},"image":{"@id":"https:\/\/hugo.yamedia.fi\/jobb\/indesign\/#primaryimage"},"thumbnailUrl":"https:\/\/hugo.yamedia.fi\/jobb\/wp-content\/uploads\/2026\/01\/Skarmbild-2026-01-23-131148.png","datePublished":"2026-01-22T08:31:43+00:00","dateModified":"2026-01-28T08:46:17+00:00","breadcrumb":{"@id":"https:\/\/hugo.yamedia.fi\/jobb\/indesign\/#breadcrumb"},"inLanguage":"en-US","potentialAction":[{"@type":"ReadAction","target":["https:\/\/hugo.yamedia.fi\/jobb\/indesign\/"]}]},{"@type":"ImageObject","inLanguage":"en-US","@id":"https:\/\/hugo.yamedia.fi\/jobb\/indesign\/#primaryimage","url":"https:\/\/hugo.yamedia.fi\/jobb\/wp-content\/uploads\/2026\/01\/Skarmbild-2026-01-23-131148.png","contentUrl":"https:\/\/hugo.yamedia.fi\/jobb\/wp-content\/uploads\/2026\/01\/Skarmbild-2026-01-23-131148.png","width":517,"height":344},{"@type":"BreadcrumbList","@id":"https:\/\/hugo.yamedia.fi\/jobb\/indesign\/#breadcrumb","itemListElement":[{"@type":"ListItem","position":1,"name":"Home","item":"https:\/\/hugo.yamedia.fi\/jobb\/"},{"@type":"ListItem","position":2,"name":"INDESIGN"}]},{"@type":"WebSite","@id":"https:\/\/hugo.yamedia.fi\/jobb\/#website","url":"https:\/\/hugo.yamedia.fi\/jobb\/","name":"HUGO PORTFOLIO","description":"","publisher":{"@id":"https:\/\/hugo.yamedia.fi\/jobb\/#\/schema\/person\/7f53bd9ad65e20dbbe969cae8afb3a5e"},"potentialAction":[{"@type":"SearchAction","target":{"@type":"EntryPoint","urlTemplate":"https:\/\/hugo.yamedia.fi\/jobb\/?s={search_term_string}"},"query-input":{"@type":"PropertyValueSpecification","valueRequired":true,"valueName":"search_term_string"}}],"inLanguage":"en-US"},{"@type":["Person","Organization"],"@id":"https:\/\/hugo.yamedia.fi\/jobb\/#\/schema\/person\/7f53bd9ad65e20dbbe969cae8afb3a5e","name":"Hugo","pronouns":"He\/him","image":{"@type":"ImageObject","inLanguage":"en-US","@id":"https:\/\/hugo.yamedia.fi\/jobb\/#\/schema\/person\/image\/","url":"https:\/\/hugo.yamedia.fi\/jobb\/wp-content\/uploads\/2026\/01\/vwiedfnw-1.gif","contentUrl":"https:\/\/hugo.yamedia.fi\/jobb\/wp-content\/uploads\/2026\/01\/vwiedfnw-1.gif","width":384,"height":384,"caption":"Hugo"},"logo":{"@id":"https:\/\/hugo.yamedia.fi\/jobb\/#\/schema\/person\/image\/"},"description":"Hej, jag \u00e4r Hugo och jag \u00e4r 18 \u00e5r. Jag bor i Finland och jag studerar till ut\u00f6vare av medietj\u00e4nster. P\u00e5 min fritid s\u00e5 jobbar jag p\u00e5 S market och s\u00e5 spelar jag dataspel och \u00e4r med min familj. Ha en bra dag &lt;3","sameAs":["https:\/\/hugo.yamedia.fi\/jobb","https:\/\/www.facebook.com\/hugo.strom.96\/","https:\/\/www.youtube.com\/@bestyt141"]}]}},"_links":{"self":[{"href":"https:\/\/hugo.yamedia.fi\/jobb\/wp-json\/wp\/v2\/pages\/80","targetHints":{"allow":["GET"]}}],"collection":[{"href":"https:\/\/hugo.yamedia.fi\/jobb\/wp-json\/wp\/v2\/pages"}],"about":[{"href":"https:\/\/hugo.yamedia.fi\/jobb\/wp-json\/wp\/v2\/types\/page"}],"author":[{"embeddable":true,"href":"https:\/\/hugo.yamedia.fi\/jobb\/wp-json\/wp\/v2\/users\/1"}],"replies":[{"embeddable":true,"href":"https:\/\/hugo.yamedia.fi\/jobb\/wp-json\/wp\/v2\/comments?post=80"}],"version-history":[{"count":13,"href":"https:\/\/hugo.yamedia.fi\/jobb\/wp-json\/wp\/v2\/pages\/80\/revisions"}],"predecessor-version":[{"id":150,"href":"https:\/\/hugo.yamedia.fi\/jobb\/wp-json\/wp\/v2\/pages\/80\/revisions\/150"}],"wp:attachment":[{"href":"https:\/\/hugo.yamedia.fi\/jobb\/wp-json\/wp\/v2\/media?parent=80"}],"curies":[{"name":"wp","href":"https:\/\/api.w.org\/{rel}","templated":true}]}}