{"id":151,"date":"2026-01-28T08:47:36","date_gmt":"2026-01-28T08:47:36","guid":{"rendered":"https:\/\/hugo.yamedia.fi\/jobb\/?page_id=151"},"modified":"2026-01-28T09:12:46","modified_gmt":"2026-01-28T09:12:46","slug":"resume","status":"publish","type":"page","link":"https:\/\/hugo.yamedia.fi\/jobb\/resume\/","title":{"rendered":"RESUME"},"content":{"rendered":"\n<hr class=\"wp-block-separator has-alpha-channel-opacity\"\/>\n\n\n\n<p class=\"has-text-align-center has-large-font-size\" style=\"border-top-left-radius:0px;border-top-right-radius:0px;border-bottom-left-radius:0px;border-bottom-right-radius:0px\"><strong>PROFIL<\/strong><br><br>Jag heter Hugo Str\u00f6m och \u00e4r 18 \u00e5r gammal. Jag g\u00e5r p\u00e5 ut\u00f6vare av medietj\u00e4nster vid Yrkesakademin i N\u00e4rpes och jag bor hemma med min familj. Jag \u00e4r en social, pratglad och omt\u00e4nksam person.<\/p>\n\n\n\n<hr class=\"wp-block-separator has-alpha-channel-opacity\"\/>\n\n\n\n<p class=\"has-text-align-center\"><strong>ARBETSERFARENHET<\/strong><br><br><strong>S MARKET &#8211; N\u00c4RPES<\/strong><br>Jag var p\u00e5 2 veckors praktik i August, d\u00e4r fick jag plocka upp produkter i hyllorna, hj\u00e4lpa kunder och mycket mer. Efter praktiken fick jag forts\u00e4tta och har jobbat varierande inhopparshift enda fram tills 05.01.2026 under skolans g\u00e5ng och under jul och ny \u00e5r.<br><br><strong>N\u00c4RPES STAD, TR\u00c4DG\u00c5RDSARBETE<\/strong><br>Sommaren 2025 jobbade jag \u00e5t N\u00e4rpes stad, d\u00e5 gjorde jag tr\u00e4g\u00e5rdsarbete. Jag fick rensa rabatter och blommor, klippa gr\u00e4s och trimma p\u00e5 olika omr\u00e5den. Jag fick ocks\u00e5 m\u00e5la n\u00e5gra omr\u00e5den s\u00e5som Lekparker, uthus, osv.<\/p>\n\n\n\n<p class=\"has-text-align-center\"><br><strong>N\u00c4RPES F\u00d6RSAMLING<\/strong><br>Jag har varit p\u00e5 3 veckors praktik under f\u00f6rsta \u00e5ret p\u00e5 Yrkesakademin i N\u00e4rpes. Jag fick g\u00f6ra mycket varierande uppgifter under praktiken.<br>N\u00e5gra saker jag fick g\u00f6ra var att vara med och se hur mathj\u00e4lpen fungerar, g\u00f6ra pappersjobb, vara med p\u00e5 kansli, Vara med p\u00e5 Junior- och dagklubbar och dessutom fick jag vara med p\u00e5 morgonsamlingar till olika skolor och dagis.<br>20.1.2025-7.2.2025<\/p>\n\n\n\n<p class=\"has-text-align-center\"><br><strong>N\u00c4RPES STAD, YTTERMARK DAGHEM<\/strong><br>Jag jobbade en m\u00e5nad p\u00e5 N\u00e4rpes daghem sommaren 2024 och d\u00e4r fick jag hj\u00e4lpa till med att ta hand om barnen, vara ute med dem, leka och hj\u00e4lpa till med maten.<br>6.6.2024-10.7.2024<\/p>\n\n\n\n<hr class=\"wp-block-separator has-alpha-channel-opacity\"\/>\n\n\n\n<p class=\"has-text-align-center has-medium-font-size\">UTBILDNING<br><br>UT\u00d6VARE AV MEDIETJ\u00c4NSTER, YRKESAKADEMIN<\/p>\n\n\n\n<p class=\"has-text-align-center has-medium-font-size\">I \u00d6STERBOTTEN<br>Jag studerar f\u00f6rsta \u00e5ret och avser avl\u00e4gga en grundexamen inom mediebranschen och visuell framst\u00e4llning.<br>Mina studier ber\u00e4knas vara klara 4.6.2027.<\/p>\n\n\n\n<hr class=\"wp-block-separator has-alpha-channel-opacity\"\/>\n\n\n\n<div class=\"wp-block-buttons is-content-justification-center is-layout-flex wp-container-core-buttons-is-layout-a89b3969 wp-block-buttons-is-layout-flex\">\n<div class=\"wp-block-button is-style-outline is-style-outline--1\"><a class=\"wp-block-button__link wp-element-button\">INTRESSEN<br><br>P\u00e5 fritiden tycker jag om att spela datorspel och kolla p\u00e5 Youtube. Jag tycker om att umg\u00e5s med familj och v\u00e4nner.<\/a><\/div>\n\n\n\n<div class=\"wp-block-button is-style-outline is-style-outline--2\"><a class=\"wp-block-button__link has-text-align-center wp-element-button\">SPR\u00c5K<br><br>Mitt modersm\u00e5l \u00e4r<br>Svenska.<br>Jag kan engelska bra.<br>Jag har s\u00e4mre kunskaper i finska.<\/a><\/div>\n\n\n\n<div class=\"wp-block-button is-style-outline is-style-outline--3\"><a class=\"wp-block-button__link wp-element-button\">F\u00c4RDIGHETER<br><br>Jag har grundkunskaper i de flesta Adobe programs.<br>Jag har ocks\u00e5 grundkunskaper i Word och Excel och PowerPoint.<br>Jag har kunskap i fotografering och videoredigering.<\/a><\/div>\n<\/div>\n\n\n\n<hr class=\"wp-block-separator has-alpha-channel-opacity\"\/>\n\n\n\n<p>KONTAKT<br><br>hugostrom18@gmail.com<br>0451484746<br><br>Holmt\u00e5get 4, 64 220 Yttermark<\/p>\n","protected":false},"excerpt":{"rendered":"<p>PROFIL Jag heter Hugo Str\u00f6m och \u00e4r 18 \u00e5r gammal. Jag g\u00e5r p\u00e5 ut\u00f6vare av medietj\u00e4nster vid Yrkesakademin i N\u00e4rpes och jag bor hemma med min familj. Jag \u00e4r en social, pratglad och omt\u00e4nksam person. ARBETSERFARENHET S MARKET &#8211; N\u00c4RPESJag var p\u00e5 2 veckors praktik i August, d\u00e4r fick jag plocka upp produkter i hyllorna, [&hellip;]<\/p>\n","protected":false},"author":1,"featured_media":0,"parent":0,"menu_order":0,"comment_status":"closed","ping_status":"closed","template":"","meta":{"footnotes":""},"class_list":["post-151","page","type-page","status-publish","hentry"],"yoast_head":"<!-- This site is optimized with the Yoast SEO plugin v26.8 - https:\/\/yoast.com\/product\/yoast-seo-wordpress\/ -->\n<title>RESUME - HUGO PORTFOLIO<\/title>\n<meta name=\"robots\" content=\"index, follow, max-snippet:-1, max-image-preview:large, max-video-preview:-1\" \/>\n<link rel=\"canonical\" href=\"https:\/\/hugo.yamedia.fi\/jobb\/resume\/\" \/>\n<meta property=\"og:locale\" content=\"en_US\" \/>\n<meta property=\"og:type\" content=\"article\" \/>\n<meta property=\"og:title\" content=\"RESUME - HUGO PORTFOLIO\" \/>\n<meta property=\"og:description\" content=\"PROFIL Jag heter Hugo Str\u00f6m och \u00e4r 18 \u00e5r gammal. Jag g\u00e5r p\u00e5 ut\u00f6vare av medietj\u00e4nster vid Yrkesakademin i N\u00e4rpes och jag bor hemma med min familj. Jag \u00e4r en social, pratglad och omt\u00e4nksam person. ARBETSERFARENHET S MARKET &#8211; N\u00c4RPESJag var p\u00e5 2 veckors praktik i August, d\u00e4r fick jag plocka upp produkter i hyllorna, [&hellip;]\" \/>\n<meta property=\"og:url\" content=\"https:\/\/hugo.yamedia.fi\/jobb\/resume\/\" \/>\n<meta property=\"og:site_name\" content=\"HUGO PORTFOLIO\" \/>\n<meta property=\"article:publisher\" content=\"https:\/\/www.facebook.com\/hugo.strom.96\/\" \/>\n<meta property=\"article:modified_time\" content=\"2026-01-28T09:12:46+00:00\" \/>\n<meta name=\"twitter:card\" content=\"summary_large_image\" \/>\n<meta name=\"twitter:label1\" content=\"Est. reading time\" \/>\n\t<meta name=\"twitter:data1\" content=\"2 minutes\" \/>\n<script type=\"application\/ld+json\" class=\"yoast-schema-graph\">{\"@context\":\"https:\/\/schema.org\",\"@graph\":[{\"@type\":\"WebPage\",\"@id\":\"https:\/\/hugo.yamedia.fi\/jobb\/resume\/\",\"url\":\"https:\/\/hugo.yamedia.fi\/jobb\/resume\/\",\"name\":\"RESUME - HUGO PORTFOLIO\",\"isPartOf\":{\"@id\":\"https:\/\/hugo.yamedia.fi\/jobb\/#website\"},\"datePublished\":\"2026-01-28T08:47:36+00:00\",\"dateModified\":\"2026-01-28T09:12:46+00:00\",\"breadcrumb\":{\"@id\":\"https:\/\/hugo.yamedia.fi\/jobb\/resume\/#breadcrumb\"},\"inLanguage\":\"en-US\",\"potentialAction\":[{\"@type\":\"ReadAction\",\"target\":[\"https:\/\/hugo.yamedia.fi\/jobb\/resume\/\"]}]},{\"@type\":\"BreadcrumbList\",\"@id\":\"https:\/\/hugo.yamedia.fi\/jobb\/resume\/#breadcrumb\",\"itemListElement\":[{\"@type\":\"ListItem\",\"position\":1,\"name\":\"Home\",\"item\":\"https:\/\/hugo.yamedia.fi\/jobb\/\"},{\"@type\":\"ListItem\",\"position\":2,\"name\":\"RESUME\"}]},{\"@type\":\"WebSite\",\"@id\":\"https:\/\/hugo.yamedia.fi\/jobb\/#website\",\"url\":\"https:\/\/hugo.yamedia.fi\/jobb\/\",\"name\":\"HUGO PORTFOLIO\",\"description\":\"\",\"publisher\":{\"@id\":\"https:\/\/hugo.yamedia.fi\/jobb\/#\/schema\/person\/7f53bd9ad65e20dbbe969cae8afb3a5e\"},\"potentialAction\":[{\"@type\":\"SearchAction\",\"target\":{\"@type\":\"EntryPoint\",\"urlTemplate\":\"https:\/\/hugo.yamedia.fi\/jobb\/?s={search_term_string}\"},\"query-input\":{\"@type\":\"PropertyValueSpecification\",\"valueRequired\":true,\"valueName\":\"search_term_string\"}}],\"inLanguage\":\"en-US\"},{\"@type\":[\"Person\",\"Organization\"],\"@id\":\"https:\/\/hugo.yamedia.fi\/jobb\/#\/schema\/person\/7f53bd9ad65e20dbbe969cae8afb3a5e\",\"name\":\"Hugo\",\"pronouns\":\"He\/him\",\"image\":{\"@type\":\"ImageObject\",\"inLanguage\":\"en-US\",\"@id\":\"https:\/\/hugo.yamedia.fi\/jobb\/#\/schema\/person\/image\/\",\"url\":\"https:\/\/hugo.yamedia.fi\/jobb\/wp-content\/uploads\/2026\/01\/vwiedfnw-1.gif\",\"contentUrl\":\"https:\/\/hugo.yamedia.fi\/jobb\/wp-content\/uploads\/2026\/01\/vwiedfnw-1.gif\",\"width\":384,\"height\":384,\"caption\":\"Hugo\"},\"logo\":{\"@id\":\"https:\/\/hugo.yamedia.fi\/jobb\/#\/schema\/person\/image\/\"},\"description\":\"Hej, jag \u00e4r Hugo och jag \u00e4r 18 \u00e5r. Jag bor i Finland och jag studerar till ut\u00f6vare av medietj\u00e4nster. P\u00e5 min fritid s\u00e5 jobbar jag p\u00e5 S market och s\u00e5 spelar jag dataspel och \u00e4r med min familj. Ha en bra dag &lt;3\",\"sameAs\":[\"https:\/\/hugo.yamedia.fi\/jobb\",\"https:\/\/www.facebook.com\/hugo.strom.96\/\",\"https:\/\/www.youtube.com\/@bestyt141\"]}]}<\/script>\n<!-- \/ Yoast SEO plugin. -->","yoast_head_json":{"title":"RESUME - HUGO PORTFOLIO","robots":{"index":"index","follow":"follow","max-snippet":"max-snippet:-1","max-image-preview":"max-image-preview:large","max-video-preview":"max-video-preview:-1"},"canonical":"https:\/\/hugo.yamedia.fi\/jobb\/resume\/","og_locale":"en_US","og_type":"article","og_title":"RESUME - HUGO PORTFOLIO","og_description":"PROFIL Jag heter Hugo Str\u00f6m och \u00e4r 18 \u00e5r gammal. Jag g\u00e5r p\u00e5 ut\u00f6vare av medietj\u00e4nster vid Yrkesakademin i N\u00e4rpes och jag bor hemma med min familj. Jag \u00e4r en social, pratglad och omt\u00e4nksam person. ARBETSERFARENHET S MARKET &#8211; N\u00c4RPESJag var p\u00e5 2 veckors praktik i August, d\u00e4r fick jag plocka upp produkter i hyllorna, [&hellip;]","og_url":"https:\/\/hugo.yamedia.fi\/jobb\/resume\/","og_site_name":"HUGO PORTFOLIO","article_publisher":"https:\/\/www.facebook.com\/hugo.strom.96\/","article_modified_time":"2026-01-28T09:12:46+00:00","twitter_card":"summary_large_image","twitter_misc":{"Est. reading time":"2 minutes"},"schema":{"@context":"https:\/\/schema.org","@graph":[{"@type":"WebPage","@id":"https:\/\/hugo.yamedia.fi\/jobb\/resume\/","url":"https:\/\/hugo.yamedia.fi\/jobb\/resume\/","name":"RESUME - HUGO PORTFOLIO","isPartOf":{"@id":"https:\/\/hugo.yamedia.fi\/jobb\/#website"},"datePublished":"2026-01-28T08:47:36+00:00","dateModified":"2026-01-28T09:12:46+00:00","breadcrumb":{"@id":"https:\/\/hugo.yamedia.fi\/jobb\/resume\/#breadcrumb"},"inLanguage":"en-US","potentialAction":[{"@type":"ReadAction","target":["https:\/\/hugo.yamedia.fi\/jobb\/resume\/"]}]},{"@type":"BreadcrumbList","@id":"https:\/\/hugo.yamedia.fi\/jobb\/resume\/#breadcrumb","itemListElement":[{"@type":"ListItem","position":1,"name":"Home","item":"https:\/\/hugo.yamedia.fi\/jobb\/"},{"@type":"ListItem","position":2,"name":"RESUME"}]},{"@type":"WebSite","@id":"https:\/\/hugo.yamedia.fi\/jobb\/#website","url":"https:\/\/hugo.yamedia.fi\/jobb\/","name":"HUGO PORTFOLIO","description":"","publisher":{"@id":"https:\/\/hugo.yamedia.fi\/jobb\/#\/schema\/person\/7f53bd9ad65e20dbbe969cae8afb3a5e"},"potentialAction":[{"@type":"SearchAction","target":{"@type":"EntryPoint","urlTemplate":"https:\/\/hugo.yamedia.fi\/jobb\/?s={search_term_string}"},"query-input":{"@type":"PropertyValueSpecification","valueRequired":true,"valueName":"search_term_string"}}],"inLanguage":"en-US"},{"@type":["Person","Organization"],"@id":"https:\/\/hugo.yamedia.fi\/jobb\/#\/schema\/person\/7f53bd9ad65e20dbbe969cae8afb3a5e","name":"Hugo","pronouns":"He\/him","image":{"@type":"ImageObject","inLanguage":"en-US","@id":"https:\/\/hugo.yamedia.fi\/jobb\/#\/schema\/person\/image\/","url":"https:\/\/hugo.yamedia.fi\/jobb\/wp-content\/uploads\/2026\/01\/vwiedfnw-1.gif","contentUrl":"https:\/\/hugo.yamedia.fi\/jobb\/wp-content\/uploads\/2026\/01\/vwiedfnw-1.gif","width":384,"height":384,"caption":"Hugo"},"logo":{"@id":"https:\/\/hugo.yamedia.fi\/jobb\/#\/schema\/person\/image\/"},"description":"Hej, jag \u00e4r Hugo och jag \u00e4r 18 \u00e5r. Jag bor i Finland och jag studerar till ut\u00f6vare av medietj\u00e4nster. P\u00e5 min fritid s\u00e5 jobbar jag p\u00e5 S market och s\u00e5 spelar jag dataspel och \u00e4r med min familj. Ha en bra dag &lt;3","sameAs":["https:\/\/hugo.yamedia.fi\/jobb","https:\/\/www.facebook.com\/hugo.strom.96\/","https:\/\/www.youtube.com\/@bestyt141"]}]}},"_links":{"self":[{"href":"https:\/\/hugo.yamedia.fi\/jobb\/wp-json\/wp\/v2\/pages\/151","targetHints":{"allow":["GET"]}}],"collection":[{"href":"https:\/\/hugo.yamedia.fi\/jobb\/wp-json\/wp\/v2\/pages"}],"about":[{"href":"https:\/\/hugo.yamedia.fi\/jobb\/wp-json\/wp\/v2\/types\/page"}],"author":[{"embeddable":true,"href":"https:\/\/hugo.yamedia.fi\/jobb\/wp-json\/wp\/v2\/users\/1"}],"replies":[{"embeddable":true,"href":"https:\/\/hugo.yamedia.fi\/jobb\/wp-json\/wp\/v2\/comments?post=151"}],"version-history":[{"count":10,"href":"https:\/\/hugo.yamedia.fi\/jobb\/wp-json\/wp\/v2\/pages\/151\/revisions"}],"predecessor-version":[{"id":170,"href":"https:\/\/hugo.yamedia.fi\/jobb\/wp-json\/wp\/v2\/pages\/151\/revisions\/170"}],"wp:attachment":[{"href":"https:\/\/hugo.yamedia.fi\/jobb\/wp-json\/wp\/v2\/media?parent=151"}],"curies":[{"name":"wp","href":"https:\/\/api.w.org\/{rel}","templated":true}]}}