{"id":98,"date":"2026-02-02T11:56:43","date_gmt":"2026-02-02T11:56:43","guid":{"rendered":"https:\/\/hugo.yamedia.fi\/f%C3%B6retagypwebb\/?page_id=98"},"modified":"2026-02-18T10:50:51","modified_gmt":"2026-02-18T10:50:51","slug":"lunch","status":"publish","type":"page","link":"https:\/\/hugo.yamedia.fi\/f%C3%B6retagypwebb\/lunch\/","title":{"rendered":"LUNCH"},"content":{"rendered":"\n<div class=\"wp-block-group is-nowrap is-layout-flex wp-container-core-group-is-layout-6c531013 wp-block-group-is-layout-flex\">\n<h1 class=\"wp-block-heading has-text-align-center has-roboto-slab-font-family\">V\u00c5R LUNCH BEST\u00c5R AV F\u00c4RSKA R\u00c5VAROR<\/h1>\n<\/div>\n\n\n\n<div class=\"wp-block-group is-nowrap is-layout-flex wp-container-core-group-is-layout-6c531013 wp-block-group-is-layout-flex\">\n<p class=\"has-text-align-center has-mono-2-color has-text-color has-link-color has-roboto-font-family wp-elements-2bb7348dfcc3c630be273882eca09ac9\">V\u00e5r lunch best\u00e5r av f\u00e4rska r\u00e5varor som tillreds med mycket k\u00e4rlek. \u00c4t lunchen i v\u00e5r trivsamma restaurang eller ta den som take away.<\/p>\n<\/div>\n\n\n\n<div class=\"wp-block-group is-nowrap is-layout-flex wp-container-core-group-is-layout-6c531013 wp-block-group-is-layout-flex\">\n<p class=\"has-text-align-center has-mono-2-color has-text-color has-link-color has-roboto-font-family wp-elements-866cffd610ea1a2ad5a88c32b2674cf1\">Lunchen serveras kl. 11-14.30 och best\u00e5r av ett varierat salladsbord, br\u00f6d och sm\u00f6r, tv\u00e5 varmr\u00e4ttsalterntiv samt kaffe och dessert.<\/p>\n<\/div>\n\n\n\n<p class=\"has-text-align-center has-mono-2-color has-text-color has-link-color has-roboto-slab-font-family wp-elements-7aa651aad1b91d2b55147956a32cffdb\"><strong>Lunchleverans<\/strong><\/p>\n\n\n\n<div class=\"wp-block-group is-nowrap is-layout-flex wp-container-core-group-is-layout-6c531013 wp-block-group-is-layout-flex\">\n<p class=\"has-text-align-center has-mono-2-color has-text-color has-link-color has-roboto-font-family wp-elements-3380a7a838c856ccb9199f907db41994\">\u00d6nskar ni f\u00e5 er lunch levererad direkt hem eller till er arbetsplats, det fixar vi! Vi levererar lunch inom N\u00e4sby-Finby-omr\u00e5det ca 11-11.30-tiden varje vardag. Best\u00e4ll g\u00e4rna dagen innan eller senast kl. 10 samma dag. Ring&nbsp;<a href=\"tel:+358405844697\">+358 (0)40 5844697<\/a>&nbsp;eller&nbsp;<a href=\"tel:0409605028\">040 9605028<\/a>.<\/p>\n<\/div>\n\n\n\n<p class=\"has-text-align-center has-contrast-light-color has-primary-background-color has-text-color has-background has-link-color wp-elements-aa731be00355cbe6d90c76a33ed428cb\">M\u00c5NDAG<br><br>Stekt korv fr\u00e5n Bj\u00f6rkens (L,G)<br>After eight p\u00e4ron (L,G)<br><br>Pannbiff med bruns\u00e5s (L,G)<br>After eight p\u00e4ron (L,G)<br><br><strong>T<\/strong>ISDAG<br><br>Kyckling schnitzel med koskenlaskijas\u00e5s (L)<br>B\u00e4rkaka (L)<br><br>K\u00f6ttgryta av gris (L,G)<br>B\u00e4rkaka (L)<br><br>ONSDAG<br><br>Pulled chicken med cole slaw och pommes frites (L,G)<br>Chokladkr\u00e4m med vispgr\u00e4dde (L,G)<br><br>Chilifisk med gr\u00e4ddfilss\u00e5s(L)<br>Chokladkr\u00e4m med vispgr\u00e4dde (L,G)<br><br>TORSDAG<br><br>Kyckling enchiladas med nachos och salsa (L)<br>Mini munkar<br><br>Marinerad rostad kassler (L,G)<br>Mini munkar<br><br>FREDAG<br><br>Bbq ribs med cole slaw och pommes frites (L,G)<br>V\u00e4ndagsbakelse (L)<br><br>Mustig n\u00f6tk\u00f6ttgryta (L,G)<br>V\u00e4ndagsbakelse (L)<br><\/p>\n\n\n\n<div class=\"wp-block-buttons is-content-justification-center is-layout-flex wp-container-core-buttons-is-layout-23a043ba wp-block-buttons-is-layout-flex\"><\/div>\n","protected":false},"excerpt":{"rendered":"<p>V\u00c5R LUNCH BEST\u00c5R AV F\u00c4RSKA R\u00c5VAROR V\u00e5r lunch best\u00e5r av f\u00e4rska r\u00e5varor som tillreds med mycket k\u00e4rlek. \u00c4t lunchen i v\u00e5r trivsamma restaurang eller ta den som take away. Lunchen serveras kl. 11-14.30 och best\u00e5r av ett varierat salladsbord, br\u00f6d och sm\u00f6r, tv\u00e5 varmr\u00e4ttsalterntiv samt kaffe och dessert. Lunchleverans \u00d6nskar ni f\u00e5 er lunch levererad [&hellip;]<\/p>\n","protected":false},"author":1,"featured_media":0,"parent":0,"menu_order":0,"comment_status":"closed","ping_status":"closed","template":"","meta":{"footnotes":""},"class_list":["post-98","page","type-page","status-publish","hentry"],"_links":{"self":[{"href":"https:\/\/hugo.yamedia.fi\/f%C3%B6retagypwebb\/wp-json\/wp\/v2\/pages\/98","targetHints":{"allow":["GET"]}}],"collection":[{"href":"https:\/\/hugo.yamedia.fi\/f%C3%B6retagypwebb\/wp-json\/wp\/v2\/pages"}],"about":[{"href":"https:\/\/hugo.yamedia.fi\/f%C3%B6retagypwebb\/wp-json\/wp\/v2\/types\/page"}],"author":[{"embeddable":true,"href":"https:\/\/hugo.yamedia.fi\/f%C3%B6retagypwebb\/wp-json\/wp\/v2\/users\/1"}],"replies":[{"embeddable":true,"href":"https:\/\/hugo.yamedia.fi\/f%C3%B6retagypwebb\/wp-json\/wp\/v2\/comments?post=98"}],"version-history":[{"count":27,"href":"https:\/\/hugo.yamedia.fi\/f%C3%B6retagypwebb\/wp-json\/wp\/v2\/pages\/98\/revisions"}],"predecessor-version":[{"id":345,"href":"https:\/\/hugo.yamedia.fi\/f%C3%B6retagypwebb\/wp-json\/wp\/v2\/pages\/98\/revisions\/345"}],"wp:attachment":[{"href":"https:\/\/hugo.yamedia.fi\/f%C3%B6retagypwebb\/wp-json\/wp\/v2\/media?parent=98"}],"curies":[{"name":"wp","href":"https:\/\/api.w.org\/{rel}","templated":true}]}}