{"id":107,"date":"2026-02-02T12:05:11","date_gmt":"2026-02-02T12:05:11","guid":{"rendered":"https:\/\/hugo.yamedia.fi\/f%C3%B6retagypwebb\/?page_id=107"},"modified":"2026-03-04T07:55:10","modified_gmt":"2026-03-04T07:55:10","slug":"om-oss","status":"publish","type":"page","link":"https:\/\/hugo.yamedia.fi\/f%C3%B6retagypwebb\/om-oss\/","title":{"rendered":"OM OSS"},"content":{"rendered":"\n<h1 class=\"wp-block-heading has-text-align-center has-superbfont-xlarge-font-size\"><strong>OM OSS<\/strong><\/h1>\n\n\n\n<h2 class=\"wp-block-heading\">Oneil\u00b4s Kitchen drivs av Oneil och Lotten Walker<\/h2>\n\n\n\n<p>Lotten \u00e4r hemma fr\u00e5n N\u00e4rpes, \u00e4r utbildad restaurangadministrat\u00f6r och har jobbat inom hotell-och restaurangbranschen i m\u00e5nga \u00e5r. Lotten tycker mest om att baka och g\u00f6ra smarriga desserter, och det \u00e4r oftast hon som st\u00e5r bakom kassan.<\/p>\n\n\n\n<p>Oneil kommer fr\u00e5n Jamaica och har en stor passion f\u00f6r mat och matlagning. Han har m\u00e5nga \u00e5rs erfarenhet fr\u00e5n restauranger i Jamaica och har jobbat n\u00e4stan 10 \u00e5r som kock ombord p\u00e5 Royal Caribbeans kryssningsfartyg, d\u00e4r han l\u00e4rt sig att laga mat fr\u00e5n alla v\u00e4rldens h\u00f6rn. Det var ocks\u00e5 d\u00e4r han tr\u00e4ffade sin fru Lotten, och fann sin v\u00e4g till N\u00e4rpes, Finland. Oneil har alltid dr\u00f6mt om att ha en egen restaurang.<\/p>\n\n\n\n<div class=\"wp-block-buttons is-content-justification-center is-layout-flex wp-container-core-buttons-is-layout-a89b3969 wp-block-buttons-is-layout-flex\">\n<div class=\"wp-block-button\"><a class=\"wp-block-button__link has-text-align-center wp-element-button\"><strong>LOTTEN<\/strong><\/a><\/div>\n\n\n\n<div class=\"wp-block-button\"><a class=\"wp-block-button__link wp-element-button\"><strong>ONEIL<\/strong><\/a><\/div>\n<\/div>\n\n\n\n<figure class=\"wp-block-gallery has-nested-images columns-default is-cropped wp-block-gallery-1 is-layout-flex wp-block-gallery-is-layout-flex\">\n<figure class=\"wp-block-image size-large\"><img loading=\"lazy\" decoding=\"async\" width=\"768\" height=\"1024\" data-id=\"348\" src=\"https:\/\/hugo.yamedia.fi\/f%C3%B6retagypwebb\/wp-content\/uploads\/2026\/03\/WhatsApp-Image-2026-03-04-at-09.35.42-768x1024.jpeg\" alt=\"\" class=\"wp-image-348\" srcset=\"https:\/\/hugo.yamedia.fi\/f%C3%B6retagypwebb\/wp-content\/uploads\/2026\/03\/WhatsApp-Image-2026-03-04-at-09.35.42-768x1024.jpeg 768w, https:\/\/hugo.yamedia.fi\/f%C3%B6retagypwebb\/wp-content\/uploads\/2026\/03\/WhatsApp-Image-2026-03-04-at-09.35.42-225x300.jpeg 225w, https:\/\/hugo.yamedia.fi\/f%C3%B6retagypwebb\/wp-content\/uploads\/2026\/03\/WhatsApp-Image-2026-03-04-at-09.35.42-1152x1536.jpeg 1152w, https:\/\/hugo.yamedia.fi\/f%C3%B6retagypwebb\/wp-content\/uploads\/2026\/03\/WhatsApp-Image-2026-03-04-at-09.35.42.jpeg 1536w\" sizes=\"auto, (max-width: 768px) 100vw, 768px\" \/><\/figure>\n\n\n\n<figure class=\"wp-block-image size-large\"><img loading=\"lazy\" decoding=\"async\" width=\"768\" height=\"1024\" data-id=\"350\" src=\"https:\/\/hugo.yamedia.fi\/f%C3%B6retagypwebb\/wp-content\/uploads\/2026\/03\/Oneilredigerad-768x1024.jpeg\" alt=\"\" class=\"wp-image-350\" srcset=\"https:\/\/hugo.yamedia.fi\/f%C3%B6retagypwebb\/wp-content\/uploads\/2026\/03\/Oneilredigerad-768x1024.jpeg 768w, https:\/\/hugo.yamedia.fi\/f%C3%B6retagypwebb\/wp-content\/uploads\/2026\/03\/Oneilredigerad-225x300.jpeg 225w, https:\/\/hugo.yamedia.fi\/f%C3%B6retagypwebb\/wp-content\/uploads\/2026\/03\/Oneilredigerad.jpeg 1070w\" sizes=\"auto, (max-width: 768px) 100vw, 768px\" \/><\/figure>\n<\/figure>\n","protected":false},"excerpt":{"rendered":"<p>OM OSS Oneil\u00b4s Kitchen drivs av Oneil och Lotten Walker Lotten \u00e4r hemma fr\u00e5n N\u00e4rpes, \u00e4r utbildad restaurangadministrat\u00f6r och har jobbat inom hotell-och restaurangbranschen i m\u00e5nga \u00e5r. Lotten tycker mest om att baka och g\u00f6ra smarriga desserter, och det \u00e4r oftast hon som st\u00e5r bakom kassan. Oneil kommer fr\u00e5n Jamaica och har en stor passion [&hellip;]<\/p>\n","protected":false},"author":1,"featured_media":0,"parent":0,"menu_order":0,"comment_status":"closed","ping_status":"closed","template":"","meta":{"footnotes":""},"class_list":["post-107","page","type-page","status-publish","hentry"],"_links":{"self":[{"href":"https:\/\/hugo.yamedia.fi\/f%C3%B6retagypwebb\/wp-json\/wp\/v2\/pages\/107","targetHints":{"allow":["GET"]}}],"collection":[{"href":"https:\/\/hugo.yamedia.fi\/f%C3%B6retagypwebb\/wp-json\/wp\/v2\/pages"}],"about":[{"href":"https:\/\/hugo.yamedia.fi\/f%C3%B6retagypwebb\/wp-json\/wp\/v2\/types\/page"}],"author":[{"embeddable":true,"href":"https:\/\/hugo.yamedia.fi\/f%C3%B6retagypwebb\/wp-json\/wp\/v2\/users\/1"}],"replies":[{"embeddable":true,"href":"https:\/\/hugo.yamedia.fi\/f%C3%B6retagypwebb\/wp-json\/wp\/v2\/comments?post=107"}],"version-history":[{"count":9,"href":"https:\/\/hugo.yamedia.fi\/f%C3%B6retagypwebb\/wp-json\/wp\/v2\/pages\/107\/revisions"}],"predecessor-version":[{"id":352,"href":"https:\/\/hugo.yamedia.fi\/f%C3%B6retagypwebb\/wp-json\/wp\/v2\/pages\/107\/revisions\/352"}],"wp:attachment":[{"href":"https:\/\/hugo.yamedia.fi\/f%C3%B6retagypwebb\/wp-json\/wp\/v2\/media?parent=107"}],"curies":[{"name":"wp","href":"https:\/\/api.w.org\/{rel}","templated":true}]}}